{"id":480,"date":"2023-01-12T11:56:24","date_gmt":"2023-01-12T10:56:24","guid":{"rendered":"https:\/\/editions-elroi.ch\/?post_type=product&#038;p=480"},"modified":"2023-01-12T12:17:20","modified_gmt":"2023-01-12T11:17:20","slug":"guten-tag","status":"publish","type":"product","link":"https:\/\/editions-elroi.ch\/en\/produit\/guten-tag\/","title":{"rendered":"Guten Tag"},"content":{"rendered":"<h2>Hier ist das Wichtigste, was ich mit Ihnen teilen m\u00f6chte!<\/h2>\n<p><a href=\"\/wp-content\/uploads\/2023\/01\/Marc_Frueh_Guten_Tag.pdf\" target=\"_blank\" rel=\"noopener\">PDF-Version herunterladen (gratis)<\/a><\/p>\n","protected":false},"excerpt":{"rendered":"<p>Hier ist das Wichtigste, was ich mit Ihnen teilen m\u00f6chte! PDF-Version herunterladen (gratis)<\/p>\n","protected":false},"featured_media":482,"comment_status":"open","ping_status":"closed","template":"","meta":[],"product_cat":[25],"product_tag":[],"class_list":{"0":"post-480","1":"product","2":"type-product","3":"status-publish","4":"has-post-thumbnail","6":"product_cat-non-classe","8":"first","9":"instock","10":"shipping-taxable","11":"purchasable","12":"product-type-simple"},"yoast_head":"<!-- This site is optimized with the Yoast SEO plugin v26.7 - https:\/\/yoast.com\/wordpress\/plugins\/seo\/ -->\n<title>Guten Tag - \u00c9ditions Elro\u00ef<\/title>\n<meta name=\"robots\" content=\"index, follow, max-snippet:-1, max-image-preview:large, max-video-preview:-1\" \/>\n<link rel=\"canonical\" href=\"https:\/\/editions-elroi.ch\/en\/produit\/guten-tag\/\" \/>\n<meta property=\"og:locale\" content=\"en_US\" \/>\n<meta property=\"og:type\" content=\"article\" \/>\n<meta property=\"og:title\" content=\"Guten Tag - \u00c9ditions Elro\u00ef\" \/>\n<meta property=\"og:description\" content=\"Hier ist das Wichtigste, was ich mit Ihnen teilen m\u00f6chte! PDF-Version herunterladen (gratis)\" \/>\n<meta property=\"og:url\" content=\"https:\/\/editions-elroi.ch\/en\/produit\/guten-tag\/\" \/>\n<meta property=\"og:site_name\" content=\"\u00c9ditions Elro\u00ef\" \/>\n<meta property=\"article:modified_time\" content=\"2023-01-12T11:17:20+00:00\" \/>\n<meta property=\"og:image\" content=\"https:\/\/editions-elroi.ch\/wp-content\/uploads\/2023\/01\/Marc_Frueh_Guten_Tag.jpg\" \/>\n\t<meta property=\"og:image:width\" content=\"928\" \/>\n\t<meta property=\"og:image:height\" content=\"1240\" \/>\n\t<meta property=\"og:image:type\" content=\"image\/jpeg\" \/>\n<meta name=\"twitter:card\" content=\"summary_large_image\" \/>\n<script type=\"application\/ld+json\" class=\"yoast-schema-graph\">{\"@context\":\"https:\/\/schema.org\",\"@graph\":[{\"@type\":\"WebPage\",\"@id\":\"https:\/\/editions-elroi.ch\/en\/produit\/guten-tag\/\",\"url\":\"https:\/\/editions-elroi.ch\/en\/produit\/guten-tag\/\",\"name\":\"Guten Tag - \u00c9ditions Elro\u00ef\",\"isPartOf\":{\"@id\":\"https:\/\/editions-elroi.ch\/en\/#website\"},\"primaryImageOfPage\":{\"@id\":\"https:\/\/editions-elroi.ch\/en\/produit\/guten-tag\/#primaryimage\"},\"image\":{\"@id\":\"https:\/\/editions-elroi.ch\/en\/produit\/guten-tag\/#primaryimage\"},\"thumbnailUrl\":\"https:\/\/editions-elroi.ch\/wp-content\/uploads\/2023\/01\/Marc_Frueh_Guten_Tag.jpg\",\"datePublished\":\"2023-01-12T10:56:24+00:00\",\"dateModified\":\"2023-01-12T11:17:20+00:00\",\"breadcrumb\":{\"@id\":\"https:\/\/editions-elroi.ch\/en\/produit\/guten-tag\/#breadcrumb\"},\"inLanguage\":\"en-US\",\"potentialAction\":[{\"@type\":\"ReadAction\",\"target\":[\"https:\/\/editions-elroi.ch\/en\/produit\/guten-tag\/\"]}]},{\"@type\":\"ImageObject\",\"inLanguage\":\"en-US\",\"@id\":\"https:\/\/editions-elroi.ch\/en\/produit\/guten-tag\/#primaryimage\",\"url\":\"https:\/\/editions-elroi.ch\/wp-content\/uploads\/2023\/01\/Marc_Frueh_Guten_Tag.jpg\",\"contentUrl\":\"https:\/\/editions-elroi.ch\/wp-content\/uploads\/2023\/01\/Marc_Frueh_Guten_Tag.jpg\",\"width\":928,\"height\":1240},{\"@type\":\"BreadcrumbList\",\"@id\":\"https:\/\/editions-elroi.ch\/en\/produit\/guten-tag\/#breadcrumb\",\"itemListElement\":[{\"@type\":\"ListItem\",\"position\":1,\"name\":\"Accueil\",\"item\":\"https:\/\/editions-elroi.ch\/en\/\"},{\"@type\":\"ListItem\",\"position\":2,\"name\":\"Boutique\",\"item\":\"https:\/\/editions-elroi.ch\/boutique\/\"},{\"@type\":\"ListItem\",\"position\":3,\"name\":\"Guten Tag\"}]},{\"@type\":\"WebSite\",\"@id\":\"https:\/\/editions-elroi.ch\/en\/#website\",\"url\":\"https:\/\/editions-elroi.ch\/en\/\",\"name\":\"\u00c9ditions Elro\u00ef\",\"description\":\"\",\"publisher\":{\"@id\":\"https:\/\/editions-elroi.ch\/en\/#organization\"},\"potentialAction\":[{\"@type\":\"SearchAction\",\"target\":{\"@type\":\"EntryPoint\",\"urlTemplate\":\"https:\/\/editions-elroi.ch\/en\/?s={search_term_string}\"},\"query-input\":{\"@type\":\"PropertyValueSpecification\",\"valueRequired\":true,\"valueName\":\"search_term_string\"}}],\"inLanguage\":\"en-US\"},{\"@type\":\"Organization\",\"@id\":\"https:\/\/editions-elroi.ch\/en\/#organization\",\"name\":\"\u00c9ditions Elro\u00ef\",\"url\":\"https:\/\/editions-elroi.ch\/en\/\",\"logo\":{\"@type\":\"ImageObject\",\"inLanguage\":\"en-US\",\"@id\":\"https:\/\/editions-elroi.ch\/en\/#\/schema\/logo\/image\/\",\"url\":\"https:\/\/editions-elroi.ch\/wp-content\/uploads\/2017\/06\/elroi-logo-web2-1.jpg\",\"contentUrl\":\"https:\/\/editions-elroi.ch\/wp-content\/uploads\/2017\/06\/elroi-logo-web2-1.jpg\",\"width\":167,\"height\":116,\"caption\":\"\u00c9ditions Elro\u00ef\"},\"image\":{\"@id\":\"https:\/\/editions-elroi.ch\/en\/#\/schema\/logo\/image\/\"}}]}<\/script>\n<!-- \/ Yoast SEO plugin. -->","yoast_head_json":{"title":"Guten Tag - \u00c9ditions Elro\u00ef","robots":{"index":"index","follow":"follow","max-snippet":"max-snippet:-1","max-image-preview":"max-image-preview:large","max-video-preview":"max-video-preview:-1"},"canonical":"https:\/\/editions-elroi.ch\/en\/produit\/guten-tag\/","og_locale":"en_US","og_type":"article","og_title":"Guten Tag - \u00c9ditions Elro\u00ef","og_description":"Hier ist das Wichtigste, was ich mit Ihnen teilen m\u00f6chte! PDF-Version herunterladen (gratis)","og_url":"https:\/\/editions-elroi.ch\/en\/produit\/guten-tag\/","og_site_name":"\u00c9ditions Elro\u00ef","article_modified_time":"2023-01-12T11:17:20+00:00","og_image":[{"width":928,"height":1240,"url":"https:\/\/editions-elroi.ch\/wp-content\/uploads\/2023\/01\/Marc_Frueh_Guten_Tag.jpg","type":"image\/jpeg"}],"twitter_card":"summary_large_image","schema":{"@context":"https:\/\/schema.org","@graph":[{"@type":"WebPage","@id":"https:\/\/editions-elroi.ch\/en\/produit\/guten-tag\/","url":"https:\/\/editions-elroi.ch\/en\/produit\/guten-tag\/","name":"Guten Tag - \u00c9ditions Elro\u00ef","isPartOf":{"@id":"https:\/\/editions-elroi.ch\/en\/#website"},"primaryImageOfPage":{"@id":"https:\/\/editions-elroi.ch\/en\/produit\/guten-tag\/#primaryimage"},"image":{"@id":"https:\/\/editions-elroi.ch\/en\/produit\/guten-tag\/#primaryimage"},"thumbnailUrl":"https:\/\/editions-elroi.ch\/wp-content\/uploads\/2023\/01\/Marc_Frueh_Guten_Tag.jpg","datePublished":"2023-01-12T10:56:24+00:00","dateModified":"2023-01-12T11:17:20+00:00","breadcrumb":{"@id":"https:\/\/editions-elroi.ch\/en\/produit\/guten-tag\/#breadcrumb"},"inLanguage":"en-US","potentialAction":[{"@type":"ReadAction","target":["https:\/\/editions-elroi.ch\/en\/produit\/guten-tag\/"]}]},{"@type":"ImageObject","inLanguage":"en-US","@id":"https:\/\/editions-elroi.ch\/en\/produit\/guten-tag\/#primaryimage","url":"https:\/\/editions-elroi.ch\/wp-content\/uploads\/2023\/01\/Marc_Frueh_Guten_Tag.jpg","contentUrl":"https:\/\/editions-elroi.ch\/wp-content\/uploads\/2023\/01\/Marc_Frueh_Guten_Tag.jpg","width":928,"height":1240},{"@type":"BreadcrumbList","@id":"https:\/\/editions-elroi.ch\/en\/produit\/guten-tag\/#breadcrumb","itemListElement":[{"@type":"ListItem","position":1,"name":"Accueil","item":"https:\/\/editions-elroi.ch\/en\/"},{"@type":"ListItem","position":2,"name":"Boutique","item":"https:\/\/editions-elroi.ch\/boutique\/"},{"@type":"ListItem","position":3,"name":"Guten Tag"}]},{"@type":"WebSite","@id":"https:\/\/editions-elroi.ch\/en\/#website","url":"https:\/\/editions-elroi.ch\/en\/","name":"\u00c9ditions Elro\u00ef","description":"","publisher":{"@id":"https:\/\/editions-elroi.ch\/en\/#organization"},"potentialAction":[{"@type":"SearchAction","target":{"@type":"EntryPoint","urlTemplate":"https:\/\/editions-elroi.ch\/en\/?s={search_term_string}"},"query-input":{"@type":"PropertyValueSpecification","valueRequired":true,"valueName":"search_term_string"}}],"inLanguage":"en-US"},{"@type":"Organization","@id":"https:\/\/editions-elroi.ch\/en\/#organization","name":"\u00c9ditions Elro\u00ef","url":"https:\/\/editions-elroi.ch\/en\/","logo":{"@type":"ImageObject","inLanguage":"en-US","@id":"https:\/\/editions-elroi.ch\/en\/#\/schema\/logo\/image\/","url":"https:\/\/editions-elroi.ch\/wp-content\/uploads\/2017\/06\/elroi-logo-web2-1.jpg","contentUrl":"https:\/\/editions-elroi.ch\/wp-content\/uploads\/2017\/06\/elroi-logo-web2-1.jpg","width":167,"height":116,"caption":"\u00c9ditions Elro\u00ef"},"image":{"@id":"https:\/\/editions-elroi.ch\/en\/#\/schema\/logo\/image\/"}}]}},"_links":{"self":[{"href":"https:\/\/editions-elroi.ch\/en\/wp-json\/wp\/v2\/product\/480","targetHints":{"allow":["GET"]}}],"collection":[{"href":"https:\/\/editions-elroi.ch\/en\/wp-json\/wp\/v2\/product"}],"about":[{"href":"https:\/\/editions-elroi.ch\/en\/wp-json\/wp\/v2\/types\/product"}],"replies":[{"embeddable":true,"href":"https:\/\/editions-elroi.ch\/en\/wp-json\/wp\/v2\/comments?post=480"}],"wp:featuredmedia":[{"embeddable":true,"href":"https:\/\/editions-elroi.ch\/en\/wp-json\/wp\/v2\/media\/482"}],"wp:attachment":[{"href":"https:\/\/editions-elroi.ch\/en\/wp-json\/wp\/v2\/media?parent=480"}],"wp:term":[{"taxonomy":"product_cat","embeddable":true,"href":"https:\/\/editions-elroi.ch\/en\/wp-json\/wp\/v2\/product_cat?post=480"},{"taxonomy":"product_tag","embeddable":true,"href":"https:\/\/editions-elroi.ch\/en\/wp-json\/wp\/v2\/product_tag?post=480"}],"curies":[{"name":"wp","href":"https:\/\/api.w.org\/{rel}","templated":true}]}}