{"id":40,"date":"2017-06-15T11:30:19","date_gmt":"2017-06-15T09:30:19","guid":{"rendered":"https:\/\/editions-elroi.ch\/?post_type=product&#038;p=40"},"modified":"2024-04-15T13:09:55","modified_gmt":"2024-04-15T11:09:55","slug":"israel-et-le-proche-orient-interdit-dignorer","status":"publish","type":"product","link":"https:\/\/editions-elroi.ch\/en\/produit\/israel-et-le-proche-orient-interdit-dignorer\/","title":{"rendered":"Isra\u00ebl et le Proche-Orient : Interdit d&#8217;ignorer"},"content":{"rendered":"<h2>Histoire et perspectives<\/h2>\n<p class=\"p1\">Quels myst\u00e8res sont dissimul\u00e9s derri\u00e8re les arbustes \u00e9pineux et les\u00a0cailloux poussi\u00e9reux du Proche-Orient? Des injustices qui perdurent\u00a0depuis des centaines d\u2019ann\u00e9es. Terre de r\u00e9v\u00e9lations divines, quels\u00a0r\u00f4les les Juifs y jouent-ils? Isra\u00ebl facteur de d\u00e9stabilisation r\u00e9gional ou\u00a0b\u00e9n\u00e9diction universelle? Pas de h\u00e9ros ni de protagoniste, mais des dates\u00a0et des \u00e9v\u00e8nements qui tissent l\u2019histoire passionnante de cette partie du\u00a0monde fort agit\u00e9e. Des lointaines dunes de sables \u00e0 l\u2019Europe, quels liens unissent ces informations?<!--more--><\/p>\n<p class=\"p2\">L\u2019objectif du livre <em>Isra\u00ebl et le Proche-Orient : Interdit d&#8217;ignorer ! Histoire et perspectives<\/em> est d\u2019apporter aux lecteurs une vue globale, historique, politique et\u00a0spirituelle sur les \u00e9v\u00e9nements se d\u00e9roulant au Proche-Orient et leurs implications\u00a0internationales. Il permet au lecteur de cr\u00e9er sa propre opinion sur la situation\u00a0actuelle, son implication \u00e9thique et proph\u00e9tique. Les \u00e9v\u00e9nements sont plac\u00e9s dans\u00a0le strict ordre chronologique, le lecteur se d\u00e9place r\u00e9guli\u00e8rement entre l\u2019Europe\u00a0et l\u2019Asie.<\/p>\n<p><a href=\"https:\/\/editions-elroi.ch\/wp-content\/uploads\/2024\/04\/01_elroi_buch-interdit_A5_web_extrait.pdf\">T\u00e9l\u00e9charger l&#8217;extrait<\/a> (35 premi\u00e8res pages)<\/p>\n<div class=\"gallery-book\">\n<div id='gallery-1' class='gallery galleryid-40 gallery-columns-4 gallery-size-thumbnail'><figure class='gallery-item'>\n\t\t\t<div class='gallery-icon portrait'>\n\t\t\t\t<a href='https:\/\/editions-elroi.ch\/wp-content\/uploads\/2024\/04\/01_elroi_buch-interdit_A5_web_Page_007.jpg'><img decoding=\"async\" width=\"150\" height=\"150\" src=\"https:\/\/editions-elroi.ch\/wp-content\/uploads\/2024\/04\/01_elroi_buch-interdit_A5_web_Page_007-150x150.jpg\" class=\"attachment-thumbnail size-thumbnail\" alt=\"\" srcset=\"https:\/\/editions-elroi.ch\/wp-content\/uploads\/2024\/04\/01_elroi_buch-interdit_A5_web_Page_007-150x150.jpg 150w, https:\/\/editions-elroi.ch\/wp-content\/uploads\/2024\/04\/01_elroi_buch-interdit_A5_web_Page_007-100x100.jpg 100w\" sizes=\"(max-width: 150px) 100vw, 150px\" \/><\/a>\n\t\t\t<\/div><\/figure><figure class='gallery-item'>\n\t\t\t<div class='gallery-icon portrait'>\n\t\t\t\t<a href='https:\/\/editions-elroi.ch\/wp-content\/uploads\/2024\/04\/01_elroi_buch-interdit_A5_web_Page_008.jpg'><img decoding=\"async\" width=\"150\" height=\"150\" src=\"https:\/\/editions-elroi.ch\/wp-content\/uploads\/2024\/04\/01_elroi_buch-interdit_A5_web_Page_008-150x150.jpg\" class=\"attachment-thumbnail size-thumbnail\" alt=\"\" srcset=\"https:\/\/editions-elroi.ch\/wp-content\/uploads\/2024\/04\/01_elroi_buch-interdit_A5_web_Page_008-150x150.jpg 150w, https:\/\/editions-elroi.ch\/wp-content\/uploads\/2024\/04\/01_elroi_buch-interdit_A5_web_Page_008-100x100.jpg 100w\" sizes=\"(max-width: 150px) 100vw, 150px\" \/><\/a>\n\t\t\t<\/div><\/figure><figure class='gallery-item'>\n\t\t\t<div class='gallery-icon portrait'>\n\t\t\t\t<a href='https:\/\/editions-elroi.ch\/wp-content\/uploads\/2024\/04\/01_elroi_buch-interdit_A5_web_Page_009.jpg'><img decoding=\"async\" width=\"150\" height=\"150\" src=\"https:\/\/editions-elroi.ch\/wp-content\/uploads\/2024\/04\/01_elroi_buch-interdit_A5_web_Page_009-150x150.jpg\" class=\"attachment-thumbnail size-thumbnail\" alt=\"\" srcset=\"https:\/\/editions-elroi.ch\/wp-content\/uploads\/2024\/04\/01_elroi_buch-interdit_A5_web_Page_009-150x150.jpg 150w, https:\/\/editions-elroi.ch\/wp-content\/uploads\/2024\/04\/01_elroi_buch-interdit_A5_web_Page_009-100x100.jpg 100w\" sizes=\"(max-width: 150px) 100vw, 150px\" \/><\/a>\n\t\t\t<\/div><\/figure><figure class='gallery-item'>\n\t\t\t<div class='gallery-icon portrait'>\n\t\t\t\t<a href='https:\/\/editions-elroi.ch\/wp-content\/uploads\/2024\/04\/01_elroi_buch-interdit_A5_web_Page_010.jpg'><img loading=\"lazy\" decoding=\"async\" width=\"150\" height=\"150\" src=\"https:\/\/editions-elroi.ch\/wp-content\/uploads\/2024\/04\/01_elroi_buch-interdit_A5_web_Page_010-150x150.jpg\" class=\"attachment-thumbnail size-thumbnail\" alt=\"\" srcset=\"https:\/\/editions-elroi.ch\/wp-content\/uploads\/2024\/04\/01_elroi_buch-interdit_A5_web_Page_010-150x150.jpg 150w, https:\/\/editions-elroi.ch\/wp-content\/uploads\/2024\/04\/01_elroi_buch-interdit_A5_web_Page_010-100x100.jpg 100w\" sizes=\"(max-width: 150px) 100vw, 150px\" \/><\/a>\n\t\t\t<\/div><\/figure>\n\t\t<\/div>\n\n<\/div>\n","protected":false},"excerpt":{"rendered":"<p>Quels myst\u00e8res sont dissimul\u00e9s derri\u00e8re les arbustes \u00e9pineux et les\u00a0cailloux poussi\u00e9reux du Proche-Orient? Des injustices qui perdurent\u00a0depuis des centaines d\u2019ann\u00e9es. Terre de r\u00e9v\u00e9lations divines, quels\u00a0r\u00f4les les Juifs y jouent-ils? Isra\u00ebl facteur de d\u00e9stabilisation r\u00e9gional ou\u00a0b\u00e9n\u00e9diction universelle? Pas de h\u00e9ros ni de protagoniste, mais des dates\u00a0et des \u00e9v\u00e8nements qui tissent l\u2019histoire passionnante de cette partie du\u00a0monde fort agit\u00e9e. Des lointaines dunes de sables \u00e0 l\u2019Europe, quels liens unissent ces informations?<\/p>\n","protected":false},"featured_media":524,"comment_status":"closed","ping_status":"closed","template":"","meta":[],"product_cat":[25],"product_tag":[],"class_list":{"0":"post-40","1":"product","2":"type-product","3":"status-publish","4":"has-post-thumbnail","6":"product_cat-non-classe","8":"first","9":"instock","10":"featured","11":"shipping-taxable","12":"purchasable","13":"product-type-simple"},"yoast_head":"<!-- This site is optimized with the Yoast SEO plugin v26.7 - https:\/\/yoast.com\/wordpress\/plugins\/seo\/ -->\n<title>Isra\u00ebl et le Proche-Orient : Interdit d&#039;ignorer - \u00c9ditions Elro\u00ef<\/title>\n<meta name=\"robots\" content=\"index, follow, max-snippet:-1, max-image-preview:large, max-video-preview:-1\" \/>\n<link rel=\"canonical\" href=\"https:\/\/editions-elroi.ch\/en\/produit\/israel-et-le-proche-orient-interdit-dignorer\/\" \/>\n<meta property=\"og:locale\" content=\"en_US\" \/>\n<meta property=\"og:type\" content=\"article\" \/>\n<meta property=\"og:title\" content=\"Isra\u00ebl et le Proche-Orient : Interdit d&#039;ignorer - \u00c9ditions Elro\u00ef\" \/>\n<meta property=\"og:description\" content=\"Quels myst\u00e8res sont dissimul\u00e9s derri\u00e8re les arbustes \u00e9pineux et les\u00a0cailloux poussi\u00e9reux du Proche-Orient? Des injustices qui perdurent\u00a0depuis des centaines d\u2019ann\u00e9es. Terre de r\u00e9v\u00e9lations divines, quels\u00a0r\u00f4les les Juifs y jouent-ils? Isra\u00ebl facteur de d\u00e9stabilisation r\u00e9gional ou\u00a0b\u00e9n\u00e9diction universelle? Pas de h\u00e9ros ni de protagoniste, mais des dates\u00a0et des \u00e9v\u00e8nements qui tissent l\u2019histoire passionnante de cette partie du\u00a0monde fort agit\u00e9e. Des lointaines dunes de sables \u00e0 l\u2019Europe, quels liens unissent ces informations?\" \/>\n<meta property=\"og:url\" content=\"https:\/\/editions-elroi.ch\/en\/produit\/israel-et-le-proche-orient-interdit-dignorer\/\" \/>\n<meta property=\"og:site_name\" content=\"\u00c9ditions Elro\u00ef\" \/>\n<meta property=\"article:modified_time\" content=\"2024-04-15T11:09:55+00:00\" \/>\n<meta property=\"og:image\" content=\"https:\/\/editions-elroi.ch\/wp-content\/uploads\/2024\/04\/01_elroi_buch-interdit_A5_web_Page_001.jpg\" \/>\n\t<meta property=\"og:image:width\" content=\"840\" \/>\n\t<meta property=\"og:image:height\" content=\"1191\" \/>\n\t<meta property=\"og:image:type\" content=\"image\/jpeg\" \/>\n<meta name=\"twitter:card\" content=\"summary_large_image\" \/>\n<meta name=\"twitter:label1\" content=\"Est. reading time\" \/>\n\t<meta name=\"twitter:data1\" content=\"1 minute\" \/>\n<script type=\"application\/ld+json\" class=\"yoast-schema-graph\">{\"@context\":\"https:\/\/schema.org\",\"@graph\":[{\"@type\":\"WebPage\",\"@id\":\"https:\/\/editions-elroi.ch\/en\/produit\/israel-et-le-proche-orient-interdit-dignorer\/\",\"url\":\"https:\/\/editions-elroi.ch\/en\/produit\/israel-et-le-proche-orient-interdit-dignorer\/\",\"name\":\"Isra\u00ebl et le Proche-Orient : Interdit d'ignorer - \u00c9ditions Elro\u00ef\",\"isPartOf\":{\"@id\":\"https:\/\/editions-elroi.ch\/en\/#website\"},\"primaryImageOfPage\":{\"@id\":\"https:\/\/editions-elroi.ch\/en\/produit\/israel-et-le-proche-orient-interdit-dignorer\/#primaryimage\"},\"image\":{\"@id\":\"https:\/\/editions-elroi.ch\/en\/produit\/israel-et-le-proche-orient-interdit-dignorer\/#primaryimage\"},\"thumbnailUrl\":\"https:\/\/editions-elroi.ch\/wp-content\/uploads\/2024\/04\/01_elroi_buch-interdit_A5_web_Page_001.jpg\",\"datePublished\":\"2017-06-15T09:30:19+00:00\",\"dateModified\":\"2024-04-15T11:09:55+00:00\",\"breadcrumb\":{\"@id\":\"https:\/\/editions-elroi.ch\/en\/produit\/israel-et-le-proche-orient-interdit-dignorer\/#breadcrumb\"},\"inLanguage\":\"en-US\",\"potentialAction\":[{\"@type\":\"ReadAction\",\"target\":[\"https:\/\/editions-elroi.ch\/en\/produit\/israel-et-le-proche-orient-interdit-dignorer\/\"]}]},{\"@type\":\"ImageObject\",\"inLanguage\":\"en-US\",\"@id\":\"https:\/\/editions-elroi.ch\/en\/produit\/israel-et-le-proche-orient-interdit-dignorer\/#primaryimage\",\"url\":\"https:\/\/editions-elroi.ch\/wp-content\/uploads\/2024\/04\/01_elroi_buch-interdit_A5_web_Page_001.jpg\",\"contentUrl\":\"https:\/\/editions-elroi.ch\/wp-content\/uploads\/2024\/04\/01_elroi_buch-interdit_A5_web_Page_001.jpg\",\"width\":840,\"height\":1191},{\"@type\":\"BreadcrumbList\",\"@id\":\"https:\/\/editions-elroi.ch\/en\/produit\/israel-et-le-proche-orient-interdit-dignorer\/#breadcrumb\",\"itemListElement\":[{\"@type\":\"ListItem\",\"position\":1,\"name\":\"Accueil\",\"item\":\"https:\/\/editions-elroi.ch\/en\/\"},{\"@type\":\"ListItem\",\"position\":2,\"name\":\"Boutique\",\"item\":\"https:\/\/editions-elroi.ch\/boutique\/\"},{\"@type\":\"ListItem\",\"position\":3,\"name\":\"Isra\u00ebl et le Proche-Orient : Interdit d&rsquo;ignorer\"}]},{\"@type\":\"WebSite\",\"@id\":\"https:\/\/editions-elroi.ch\/en\/#website\",\"url\":\"https:\/\/editions-elroi.ch\/en\/\",\"name\":\"\u00c9ditions Elro\u00ef\",\"description\":\"\",\"publisher\":{\"@id\":\"https:\/\/editions-elroi.ch\/en\/#organization\"},\"potentialAction\":[{\"@type\":\"SearchAction\",\"target\":{\"@type\":\"EntryPoint\",\"urlTemplate\":\"https:\/\/editions-elroi.ch\/en\/?s={search_term_string}\"},\"query-input\":{\"@type\":\"PropertyValueSpecification\",\"valueRequired\":true,\"valueName\":\"search_term_string\"}}],\"inLanguage\":\"en-US\"},{\"@type\":\"Organization\",\"@id\":\"https:\/\/editions-elroi.ch\/en\/#organization\",\"name\":\"\u00c9ditions Elro\u00ef\",\"url\":\"https:\/\/editions-elroi.ch\/en\/\",\"logo\":{\"@type\":\"ImageObject\",\"inLanguage\":\"en-US\",\"@id\":\"https:\/\/editions-elroi.ch\/en\/#\/schema\/logo\/image\/\",\"url\":\"https:\/\/editions-elroi.ch\/wp-content\/uploads\/2017\/06\/elroi-logo-web2-1.jpg\",\"contentUrl\":\"https:\/\/editions-elroi.ch\/wp-content\/uploads\/2017\/06\/elroi-logo-web2-1.jpg\",\"width\":167,\"height\":116,\"caption\":\"\u00c9ditions Elro\u00ef\"},\"image\":{\"@id\":\"https:\/\/editions-elroi.ch\/en\/#\/schema\/logo\/image\/\"}}]}<\/script>\n<!-- \/ Yoast SEO plugin. -->","yoast_head_json":{"title":"Isra\u00ebl et le Proche-Orient : Interdit d'ignorer - \u00c9ditions Elro\u00ef","robots":{"index":"index","follow":"follow","max-snippet":"max-snippet:-1","max-image-preview":"max-image-preview:large","max-video-preview":"max-video-preview:-1"},"canonical":"https:\/\/editions-elroi.ch\/en\/produit\/israel-et-le-proche-orient-interdit-dignorer\/","og_locale":"en_US","og_type":"article","og_title":"Isra\u00ebl et le Proche-Orient : Interdit d'ignorer - \u00c9ditions Elro\u00ef","og_description":"Quels myst\u00e8res sont dissimul\u00e9s derri\u00e8re les arbustes \u00e9pineux et les\u00a0cailloux poussi\u00e9reux du Proche-Orient? Des injustices qui perdurent\u00a0depuis des centaines d\u2019ann\u00e9es. Terre de r\u00e9v\u00e9lations divines, quels\u00a0r\u00f4les les Juifs y jouent-ils? Isra\u00ebl facteur de d\u00e9stabilisation r\u00e9gional ou\u00a0b\u00e9n\u00e9diction universelle? Pas de h\u00e9ros ni de protagoniste, mais des dates\u00a0et des \u00e9v\u00e8nements qui tissent l\u2019histoire passionnante de cette partie du\u00a0monde fort agit\u00e9e. Des lointaines dunes de sables \u00e0 l\u2019Europe, quels liens unissent ces informations?","og_url":"https:\/\/editions-elroi.ch\/en\/produit\/israel-et-le-proche-orient-interdit-dignorer\/","og_site_name":"\u00c9ditions Elro\u00ef","article_modified_time":"2024-04-15T11:09:55+00:00","og_image":[{"width":840,"height":1191,"url":"https:\/\/editions-elroi.ch\/wp-content\/uploads\/2024\/04\/01_elroi_buch-interdit_A5_web_Page_001.jpg","type":"image\/jpeg"}],"twitter_card":"summary_large_image","twitter_misc":{"Est. reading time":"1 minute"},"schema":{"@context":"https:\/\/schema.org","@graph":[{"@type":"WebPage","@id":"https:\/\/editions-elroi.ch\/en\/produit\/israel-et-le-proche-orient-interdit-dignorer\/","url":"https:\/\/editions-elroi.ch\/en\/produit\/israel-et-le-proche-orient-interdit-dignorer\/","name":"Isra\u00ebl et le Proche-Orient : Interdit d'ignorer - \u00c9ditions Elro\u00ef","isPartOf":{"@id":"https:\/\/editions-elroi.ch\/en\/#website"},"primaryImageOfPage":{"@id":"https:\/\/editions-elroi.ch\/en\/produit\/israel-et-le-proche-orient-interdit-dignorer\/#primaryimage"},"image":{"@id":"https:\/\/editions-elroi.ch\/en\/produit\/israel-et-le-proche-orient-interdit-dignorer\/#primaryimage"},"thumbnailUrl":"https:\/\/editions-elroi.ch\/wp-content\/uploads\/2024\/04\/01_elroi_buch-interdit_A5_web_Page_001.jpg","datePublished":"2017-06-15T09:30:19+00:00","dateModified":"2024-04-15T11:09:55+00:00","breadcrumb":{"@id":"https:\/\/editions-elroi.ch\/en\/produit\/israel-et-le-proche-orient-interdit-dignorer\/#breadcrumb"},"inLanguage":"en-US","potentialAction":[{"@type":"ReadAction","target":["https:\/\/editions-elroi.ch\/en\/produit\/israel-et-le-proche-orient-interdit-dignorer\/"]}]},{"@type":"ImageObject","inLanguage":"en-US","@id":"https:\/\/editions-elroi.ch\/en\/produit\/israel-et-le-proche-orient-interdit-dignorer\/#primaryimage","url":"https:\/\/editions-elroi.ch\/wp-content\/uploads\/2024\/04\/01_elroi_buch-interdit_A5_web_Page_001.jpg","contentUrl":"https:\/\/editions-elroi.ch\/wp-content\/uploads\/2024\/04\/01_elroi_buch-interdit_A5_web_Page_001.jpg","width":840,"height":1191},{"@type":"BreadcrumbList","@id":"https:\/\/editions-elroi.ch\/en\/produit\/israel-et-le-proche-orient-interdit-dignorer\/#breadcrumb","itemListElement":[{"@type":"ListItem","position":1,"name":"Accueil","item":"https:\/\/editions-elroi.ch\/en\/"},{"@type":"ListItem","position":2,"name":"Boutique","item":"https:\/\/editions-elroi.ch\/boutique\/"},{"@type":"ListItem","position":3,"name":"Isra\u00ebl et le Proche-Orient : Interdit d&rsquo;ignorer"}]},{"@type":"WebSite","@id":"https:\/\/editions-elroi.ch\/en\/#website","url":"https:\/\/editions-elroi.ch\/en\/","name":"\u00c9ditions Elro\u00ef","description":"","publisher":{"@id":"https:\/\/editions-elroi.ch\/en\/#organization"},"potentialAction":[{"@type":"SearchAction","target":{"@type":"EntryPoint","urlTemplate":"https:\/\/editions-elroi.ch\/en\/?s={search_term_string}"},"query-input":{"@type":"PropertyValueSpecification","valueRequired":true,"valueName":"search_term_string"}}],"inLanguage":"en-US"},{"@type":"Organization","@id":"https:\/\/editions-elroi.ch\/en\/#organization","name":"\u00c9ditions Elro\u00ef","url":"https:\/\/editions-elroi.ch\/en\/","logo":{"@type":"ImageObject","inLanguage":"en-US","@id":"https:\/\/editions-elroi.ch\/en\/#\/schema\/logo\/image\/","url":"https:\/\/editions-elroi.ch\/wp-content\/uploads\/2017\/06\/elroi-logo-web2-1.jpg","contentUrl":"https:\/\/editions-elroi.ch\/wp-content\/uploads\/2017\/06\/elroi-logo-web2-1.jpg","width":167,"height":116,"caption":"\u00c9ditions Elro\u00ef"},"image":{"@id":"https:\/\/editions-elroi.ch\/en\/#\/schema\/logo\/image\/"}}]}},"_links":{"self":[{"href":"https:\/\/editions-elroi.ch\/en\/wp-json\/wp\/v2\/product\/40","targetHints":{"allow":["GET"]}}],"collection":[{"href":"https:\/\/editions-elroi.ch\/en\/wp-json\/wp\/v2\/product"}],"about":[{"href":"https:\/\/editions-elroi.ch\/en\/wp-json\/wp\/v2\/types\/product"}],"replies":[{"embeddable":true,"href":"https:\/\/editions-elroi.ch\/en\/wp-json\/wp\/v2\/comments?post=40"}],"wp:featuredmedia":[{"embeddable":true,"href":"https:\/\/editions-elroi.ch\/en\/wp-json\/wp\/v2\/media\/524"}],"wp:attachment":[{"href":"https:\/\/editions-elroi.ch\/en\/wp-json\/wp\/v2\/media?parent=40"}],"wp:term":[{"taxonomy":"product_cat","embeddable":true,"href":"https:\/\/editions-elroi.ch\/en\/wp-json\/wp\/v2\/product_cat?post=40"},{"taxonomy":"product_tag","embeddable":true,"href":"https:\/\/editions-elroi.ch\/en\/wp-json\/wp\/v2\/product_tag?post=40"}],"curies":[{"name":"wp","href":"https:\/\/api.w.org\/{rel}","templated":true}]}}