{"id":204,"date":"2017-06-15T11:14:35","date_gmt":"2017-06-15T09:14:35","guid":{"rendered":"https:\/\/editions-elroi.ch\/?post_type=product&#038;p=204"},"modified":"2019-06-04T13:50:44","modified_gmt":"2019-06-04T11:50:44","slug":"steh-auf-ubernimm-verantwortung-und-handle","status":"publish","type":"product","link":"https:\/\/editions-elroi.ch\/en\/produit\/steh-auf-ubernimm-verantwortung-und-handle\/","title":{"rendered":"Steh Auf!\u00a0\u00dcbernimm Verantwortung und handle"},"content":{"rendered":"<p>Dieses kleine Buch ist gef\u00e4hrlich, weil es genau die Fragen beantwortet, die Sie m\u00f6glicherweise bewusst ignoriert haben!<br \/>\nDieses Buch ist gef\u00e4hrlich, weil es darin um eine explosive Mischung geht: Politik und christlicher Glauben!<br \/>\nDieses kleine Buch ist gef\u00e4hrlich! Manche haben es gelesen und es hat sie verleitet, sich ernsthaft zu engagieren. Andere haben es gelesen und sind reife Ju\u0308nger geworden, die sich fu\u0308r die Anliegen Gottes einsetzen. Und wieder andere, die schon seit Jahrzehnten seine spirituellen Kinder sind, haben sich verwandelt und sind jetzt zu erwachsenen Dienern Gottes geworden.<\/p>\n<p><iframe style=\"width: 100%; height: 400px;\" src=\"\/\/e.issuu.com\/embed.html#10668879\/31464799\" width=\"300\" height=\"150\" frameborder=\"0\" allowfullscreen=\"allowfullscreen\"><\/iframe><\/p>\n","protected":false},"excerpt":{"rendered":"<p>Dieses kleine Buch ist gef\u00e4hrlich, weil es genau die Fragen beantwortet, die Sie m\u00f6glicherweise bewusst ignoriert haben! Dieses Buch ist gef\u00e4hrlich, weil es darin um eine explosive Mischung geht: Politik und christlicher Glauben! Dieses kleine Buch ist gef\u00e4hrlich! Manche haben es gelesen und es hat sie verleitet, sich ernsthaft zu engagieren. Andere haben es gelesen [&hellip;]<\/p>\n","protected":false},"featured_media":115,"comment_status":"closed","ping_status":"closed","template":"","meta":[],"product_cat":[25],"product_tag":[],"class_list":{"0":"post-204","1":"product","2":"type-product","3":"status-publish","4":"has-post-thumbnail","6":"product_cat-non-classe","8":"first","9":"instock","10":"shipping-taxable","11":"purchasable","12":"product-type-simple"},"yoast_head":"<!-- This site is optimized with the Yoast SEO plugin v26.7 - https:\/\/yoast.com\/wordpress\/plugins\/seo\/ -->\n<title>Steh Auf!\u00a0\u00dcbernimm Verantwortung und handle - \u00c9ditions Elro\u00ef<\/title>\n<meta name=\"robots\" content=\"index, follow, max-snippet:-1, max-image-preview:large, max-video-preview:-1\" \/>\n<link rel=\"canonical\" href=\"https:\/\/editions-elroi.ch\/en\/produit\/steh-auf-ubernimm-verantwortung-und-handle\/\" \/>\n<meta property=\"og:locale\" content=\"en_US\" \/>\n<meta property=\"og:type\" content=\"article\" \/>\n<meta property=\"og:title\" content=\"Steh Auf!\u00a0\u00dcbernimm Verantwortung und handle - \u00c9ditions Elro\u00ef\" \/>\n<meta property=\"og:description\" content=\"Dieses kleine Buch ist gef\u00e4hrlich, weil es genau die Fragen beantwortet, die Sie m\u00f6glicherweise bewusst ignoriert haben! Dieses Buch ist gef\u00e4hrlich, weil es darin um eine explosive Mischung geht: Politik und christlicher Glauben! Dieses kleine Buch ist gef\u00e4hrlich! Manche haben es gelesen und es hat sie verleitet, sich ernsthaft zu engagieren. Andere haben es gelesen [&hellip;]\" \/>\n<meta property=\"og:url\" content=\"https:\/\/editions-elroi.ch\/en\/produit\/steh-auf-ubernimm-verantwortung-und-handle\/\" \/>\n<meta property=\"og:site_name\" content=\"\u00c9ditions Elro\u00ef\" \/>\n<meta property=\"article:modified_time\" content=\"2019-06-04T11:50:44+00:00\" \/>\n<meta property=\"og:image\" content=\"https:\/\/editions-elroi.ch\/wp-content\/uploads\/2017\/06\/steh-auf.jpg\" \/>\n\t<meta property=\"og:image:width\" content=\"1747\" \/>\n\t<meta property=\"og:image:height\" content=\"2480\" \/>\n\t<meta property=\"og:image:type\" content=\"image\/jpeg\" \/>\n<meta name=\"twitter:card\" content=\"summary_large_image\" \/>\n<script type=\"application\/ld+json\" class=\"yoast-schema-graph\">{\"@context\":\"https:\/\/schema.org\",\"@graph\":[{\"@type\":\"WebPage\",\"@id\":\"https:\/\/editions-elroi.ch\/en\/produit\/steh-auf-ubernimm-verantwortung-und-handle\/\",\"url\":\"https:\/\/editions-elroi.ch\/en\/produit\/steh-auf-ubernimm-verantwortung-und-handle\/\",\"name\":\"Steh Auf!\u00a0\u00dcbernimm Verantwortung und handle - \u00c9ditions Elro\u00ef\",\"isPartOf\":{\"@id\":\"https:\/\/editions-elroi.ch\/en\/#website\"},\"primaryImageOfPage\":{\"@id\":\"https:\/\/editions-elroi.ch\/en\/produit\/steh-auf-ubernimm-verantwortung-und-handle\/#primaryimage\"},\"image\":{\"@id\":\"https:\/\/editions-elroi.ch\/en\/produit\/steh-auf-ubernimm-verantwortung-und-handle\/#primaryimage\"},\"thumbnailUrl\":\"https:\/\/editions-elroi.ch\/wp-content\/uploads\/2017\/06\/steh-auf.jpg\",\"datePublished\":\"2017-06-15T09:14:35+00:00\",\"dateModified\":\"2019-06-04T11:50:44+00:00\",\"breadcrumb\":{\"@id\":\"https:\/\/editions-elroi.ch\/en\/produit\/steh-auf-ubernimm-verantwortung-und-handle\/#breadcrumb\"},\"inLanguage\":\"en-US\",\"potentialAction\":[{\"@type\":\"ReadAction\",\"target\":[\"https:\/\/editions-elroi.ch\/en\/produit\/steh-auf-ubernimm-verantwortung-und-handle\/\"]}]},{\"@type\":\"ImageObject\",\"inLanguage\":\"en-US\",\"@id\":\"https:\/\/editions-elroi.ch\/en\/produit\/steh-auf-ubernimm-verantwortung-und-handle\/#primaryimage\",\"url\":\"https:\/\/editions-elroi.ch\/wp-content\/uploads\/2017\/06\/steh-auf.jpg\",\"contentUrl\":\"https:\/\/editions-elroi.ch\/wp-content\/uploads\/2017\/06\/steh-auf.jpg\",\"width\":1747,\"height\":2480},{\"@type\":\"BreadcrumbList\",\"@id\":\"https:\/\/editions-elroi.ch\/en\/produit\/steh-auf-ubernimm-verantwortung-und-handle\/#breadcrumb\",\"itemListElement\":[{\"@type\":\"ListItem\",\"position\":1,\"name\":\"Accueil\",\"item\":\"https:\/\/editions-elroi.ch\/en\/\"},{\"@type\":\"ListItem\",\"position\":2,\"name\":\"Boutique\",\"item\":\"https:\/\/editions-elroi.ch\/boutique\/\"},{\"@type\":\"ListItem\",\"position\":3,\"name\":\"Steh Auf!\u00a0\u00dcbernimm Verantwortung und handle\"}]},{\"@type\":\"WebSite\",\"@id\":\"https:\/\/editions-elroi.ch\/en\/#website\",\"url\":\"https:\/\/editions-elroi.ch\/en\/\",\"name\":\"\u00c9ditions Elro\u00ef\",\"description\":\"\",\"publisher\":{\"@id\":\"https:\/\/editions-elroi.ch\/en\/#organization\"},\"potentialAction\":[{\"@type\":\"SearchAction\",\"target\":{\"@type\":\"EntryPoint\",\"urlTemplate\":\"https:\/\/editions-elroi.ch\/en\/?s={search_term_string}\"},\"query-input\":{\"@type\":\"PropertyValueSpecification\",\"valueRequired\":true,\"valueName\":\"search_term_string\"}}],\"inLanguage\":\"en-US\"},{\"@type\":\"Organization\",\"@id\":\"https:\/\/editions-elroi.ch\/en\/#organization\",\"name\":\"\u00c9ditions Elro\u00ef\",\"url\":\"https:\/\/editions-elroi.ch\/en\/\",\"logo\":{\"@type\":\"ImageObject\",\"inLanguage\":\"en-US\",\"@id\":\"https:\/\/editions-elroi.ch\/en\/#\/schema\/logo\/image\/\",\"url\":\"https:\/\/editions-elroi.ch\/wp-content\/uploads\/2017\/06\/elroi-logo-web2-1.jpg\",\"contentUrl\":\"https:\/\/editions-elroi.ch\/wp-content\/uploads\/2017\/06\/elroi-logo-web2-1.jpg\",\"width\":167,\"height\":116,\"caption\":\"\u00c9ditions Elro\u00ef\"},\"image\":{\"@id\":\"https:\/\/editions-elroi.ch\/en\/#\/schema\/logo\/image\/\"}}]}<\/script>\n<!-- \/ Yoast SEO plugin. -->","yoast_head_json":{"title":"Steh Auf!\u00a0\u00dcbernimm Verantwortung und handle - \u00c9ditions Elro\u00ef","robots":{"index":"index","follow":"follow","max-snippet":"max-snippet:-1","max-image-preview":"max-image-preview:large","max-video-preview":"max-video-preview:-1"},"canonical":"https:\/\/editions-elroi.ch\/en\/produit\/steh-auf-ubernimm-verantwortung-und-handle\/","og_locale":"en_US","og_type":"article","og_title":"Steh Auf!\u00a0\u00dcbernimm Verantwortung und handle - \u00c9ditions Elro\u00ef","og_description":"Dieses kleine Buch ist gef\u00e4hrlich, weil es genau die Fragen beantwortet, die Sie m\u00f6glicherweise bewusst ignoriert haben! Dieses Buch ist gef\u00e4hrlich, weil es darin um eine explosive Mischung geht: Politik und christlicher Glauben! Dieses kleine Buch ist gef\u00e4hrlich! Manche haben es gelesen und es hat sie verleitet, sich ernsthaft zu engagieren. Andere haben es gelesen [&hellip;]","og_url":"https:\/\/editions-elroi.ch\/en\/produit\/steh-auf-ubernimm-verantwortung-und-handle\/","og_site_name":"\u00c9ditions Elro\u00ef","article_modified_time":"2019-06-04T11:50:44+00:00","og_image":[{"width":1747,"height":2480,"url":"https:\/\/editions-elroi.ch\/wp-content\/uploads\/2017\/06\/steh-auf.jpg","type":"image\/jpeg"}],"twitter_card":"summary_large_image","schema":{"@context":"https:\/\/schema.org","@graph":[{"@type":"WebPage","@id":"https:\/\/editions-elroi.ch\/en\/produit\/steh-auf-ubernimm-verantwortung-und-handle\/","url":"https:\/\/editions-elroi.ch\/en\/produit\/steh-auf-ubernimm-verantwortung-und-handle\/","name":"Steh Auf!\u00a0\u00dcbernimm Verantwortung und handle - \u00c9ditions Elro\u00ef","isPartOf":{"@id":"https:\/\/editions-elroi.ch\/en\/#website"},"primaryImageOfPage":{"@id":"https:\/\/editions-elroi.ch\/en\/produit\/steh-auf-ubernimm-verantwortung-und-handle\/#primaryimage"},"image":{"@id":"https:\/\/editions-elroi.ch\/en\/produit\/steh-auf-ubernimm-verantwortung-und-handle\/#primaryimage"},"thumbnailUrl":"https:\/\/editions-elroi.ch\/wp-content\/uploads\/2017\/06\/steh-auf.jpg","datePublished":"2017-06-15T09:14:35+00:00","dateModified":"2019-06-04T11:50:44+00:00","breadcrumb":{"@id":"https:\/\/editions-elroi.ch\/en\/produit\/steh-auf-ubernimm-verantwortung-und-handle\/#breadcrumb"},"inLanguage":"en-US","potentialAction":[{"@type":"ReadAction","target":["https:\/\/editions-elroi.ch\/en\/produit\/steh-auf-ubernimm-verantwortung-und-handle\/"]}]},{"@type":"ImageObject","inLanguage":"en-US","@id":"https:\/\/editions-elroi.ch\/en\/produit\/steh-auf-ubernimm-verantwortung-und-handle\/#primaryimage","url":"https:\/\/editions-elroi.ch\/wp-content\/uploads\/2017\/06\/steh-auf.jpg","contentUrl":"https:\/\/editions-elroi.ch\/wp-content\/uploads\/2017\/06\/steh-auf.jpg","width":1747,"height":2480},{"@type":"BreadcrumbList","@id":"https:\/\/editions-elroi.ch\/en\/produit\/steh-auf-ubernimm-verantwortung-und-handle\/#breadcrumb","itemListElement":[{"@type":"ListItem","position":1,"name":"Accueil","item":"https:\/\/editions-elroi.ch\/en\/"},{"@type":"ListItem","position":2,"name":"Boutique","item":"https:\/\/editions-elroi.ch\/boutique\/"},{"@type":"ListItem","position":3,"name":"Steh Auf!\u00a0\u00dcbernimm Verantwortung und handle"}]},{"@type":"WebSite","@id":"https:\/\/editions-elroi.ch\/en\/#website","url":"https:\/\/editions-elroi.ch\/en\/","name":"\u00c9ditions Elro\u00ef","description":"","publisher":{"@id":"https:\/\/editions-elroi.ch\/en\/#organization"},"potentialAction":[{"@type":"SearchAction","target":{"@type":"EntryPoint","urlTemplate":"https:\/\/editions-elroi.ch\/en\/?s={search_term_string}"},"query-input":{"@type":"PropertyValueSpecification","valueRequired":true,"valueName":"search_term_string"}}],"inLanguage":"en-US"},{"@type":"Organization","@id":"https:\/\/editions-elroi.ch\/en\/#organization","name":"\u00c9ditions Elro\u00ef","url":"https:\/\/editions-elroi.ch\/en\/","logo":{"@type":"ImageObject","inLanguage":"en-US","@id":"https:\/\/editions-elroi.ch\/en\/#\/schema\/logo\/image\/","url":"https:\/\/editions-elroi.ch\/wp-content\/uploads\/2017\/06\/elroi-logo-web2-1.jpg","contentUrl":"https:\/\/editions-elroi.ch\/wp-content\/uploads\/2017\/06\/elroi-logo-web2-1.jpg","width":167,"height":116,"caption":"\u00c9ditions Elro\u00ef"},"image":{"@id":"https:\/\/editions-elroi.ch\/en\/#\/schema\/logo\/image\/"}}]}},"_links":{"self":[{"href":"https:\/\/editions-elroi.ch\/en\/wp-json\/wp\/v2\/product\/204","targetHints":{"allow":["GET"]}}],"collection":[{"href":"https:\/\/editions-elroi.ch\/en\/wp-json\/wp\/v2\/product"}],"about":[{"href":"https:\/\/editions-elroi.ch\/en\/wp-json\/wp\/v2\/types\/product"}],"replies":[{"embeddable":true,"href":"https:\/\/editions-elroi.ch\/en\/wp-json\/wp\/v2\/comments?post=204"}],"wp:featuredmedia":[{"embeddable":true,"href":"https:\/\/editions-elroi.ch\/en\/wp-json\/wp\/v2\/media\/115"}],"wp:attachment":[{"href":"https:\/\/editions-elroi.ch\/en\/wp-json\/wp\/v2\/media?parent=204"}],"wp:term":[{"taxonomy":"product_cat","embeddable":true,"href":"https:\/\/editions-elroi.ch\/en\/wp-json\/wp\/v2\/product_cat?post=204"},{"taxonomy":"product_tag","embeddable":true,"href":"https:\/\/editions-elroi.ch\/en\/wp-json\/wp\/v2\/product_tag?post=204"}],"curies":[{"name":"wp","href":"https:\/\/api.w.org\/{rel}","templated":true}]}}