{"id":113,"date":"2017-06-15T11:20:32","date_gmt":"2017-06-15T09:20:32","guid":{"rendered":"https:\/\/editions-elroi.ch\/?post_type=product&#038;p=113"},"modified":"2019-06-04T13:50:44","modified_gmt":"2019-06-04T11:50:44","slug":"leve-toi","status":"publish","type":"product","link":"https:\/\/editions-elroi.ch\/en\/produit\/leve-toi\/","title":{"rendered":"L\u00e8ve-toi !\u00a0Prends tes responsabilit\u00e9s et agis"},"content":{"rendered":"<p>Chr\u00e9tien actif en politique !? R\u00e9flexions libres sur l\u2019\u00e9pineuse question qui taraude de nombreux croyants: Un chr\u00e9tien peut-il, ose-t-il ou doit-il s\u2019engager en politique ?<br \/>\n<iframe style=\"width: 100%; height: 400px;\" src=\"\/\/e.issuu.com\/embed.html#10668879\/50173862\" width=\"300\" height=\"150\" frameborder=\"0\" allowfullscreen=\"allowfullscreen\"><\/iframe><\/p>\n","protected":false},"excerpt":{"rendered":"<p>Chr\u00e9tien actif en politique !? R\u00e9flexions libres sur l\u2019\u00e9pineuse question qui taraude de nombreux croyants: Un chr\u00e9tien peut-il, ose-t-il ou doit-il s\u2019engager en politique ?<\/p>\n","protected":false},"featured_media":114,"comment_status":"closed","ping_status":"closed","template":"","meta":[],"product_cat":[25],"product_tag":[],"class_list":{"0":"post-113","1":"product","2":"type-product","3":"status-publish","4":"has-post-thumbnail","6":"product_cat-non-classe","8":"first","9":"instock","10":"shipping-taxable","11":"purchasable","12":"product-type-simple"},"yoast_head":"<!-- This site is optimized with the Yoast SEO plugin v26.7 - https:\/\/yoast.com\/wordpress\/plugins\/seo\/ -->\n<title>L\u00e8ve-toi !\u00a0Prends tes responsabilit\u00e9s et agis - \u00c9ditions Elro\u00ef<\/title>\n<meta name=\"robots\" content=\"index, follow, max-snippet:-1, max-image-preview:large, max-video-preview:-1\" \/>\n<link rel=\"canonical\" href=\"https:\/\/editions-elroi.ch\/en\/produit\/leve-toi\/\" \/>\n<meta property=\"og:locale\" content=\"en_US\" \/>\n<meta property=\"og:type\" content=\"article\" \/>\n<meta property=\"og:title\" content=\"L\u00e8ve-toi !\u00a0Prends tes responsabilit\u00e9s et agis - \u00c9ditions Elro\u00ef\" \/>\n<meta property=\"og:description\" content=\"Chr\u00e9tien actif en politique !? R\u00e9flexions libres sur l\u2019\u00e9pineuse question qui taraude de nombreux croyants: Un chr\u00e9tien peut-il, ose-t-il ou doit-il s\u2019engager en politique ?\" \/>\n<meta property=\"og:url\" content=\"https:\/\/editions-elroi.ch\/en\/produit\/leve-toi\/\" \/>\n<meta property=\"og:site_name\" content=\"\u00c9ditions Elro\u00ef\" \/>\n<meta property=\"article:modified_time\" content=\"2019-06-04T11:50:44+00:00\" \/>\n<meta property=\"og:image\" content=\"https:\/\/editions-elroi.ch\/wp-content\/uploads\/2017\/06\/leve-toi.jpg\" \/>\n\t<meta property=\"og:image:width\" content=\"1747\" \/>\n\t<meta property=\"og:image:height\" content=\"2480\" \/>\n\t<meta property=\"og:image:type\" content=\"image\/jpeg\" \/>\n<meta name=\"twitter:card\" content=\"summary_large_image\" \/>\n<script type=\"application\/ld+json\" class=\"yoast-schema-graph\">{\"@context\":\"https:\/\/schema.org\",\"@graph\":[{\"@type\":\"WebPage\",\"@id\":\"https:\/\/editions-elroi.ch\/en\/produit\/leve-toi\/\",\"url\":\"https:\/\/editions-elroi.ch\/en\/produit\/leve-toi\/\",\"name\":\"L\u00e8ve-toi !\u00a0Prends tes responsabilit\u00e9s et agis - \u00c9ditions Elro\u00ef\",\"isPartOf\":{\"@id\":\"https:\/\/editions-elroi.ch\/en\/#website\"},\"primaryImageOfPage\":{\"@id\":\"https:\/\/editions-elroi.ch\/en\/produit\/leve-toi\/#primaryimage\"},\"image\":{\"@id\":\"https:\/\/editions-elroi.ch\/en\/produit\/leve-toi\/#primaryimage\"},\"thumbnailUrl\":\"https:\/\/editions-elroi.ch\/wp-content\/uploads\/2017\/06\/leve-toi.jpg\",\"datePublished\":\"2017-06-15T09:20:32+00:00\",\"dateModified\":\"2019-06-04T11:50:44+00:00\",\"breadcrumb\":{\"@id\":\"https:\/\/editions-elroi.ch\/en\/produit\/leve-toi\/#breadcrumb\"},\"inLanguage\":\"en-US\",\"potentialAction\":[{\"@type\":\"ReadAction\",\"target\":[\"https:\/\/editions-elroi.ch\/en\/produit\/leve-toi\/\"]}]},{\"@type\":\"ImageObject\",\"inLanguage\":\"en-US\",\"@id\":\"https:\/\/editions-elroi.ch\/en\/produit\/leve-toi\/#primaryimage\",\"url\":\"https:\/\/editions-elroi.ch\/wp-content\/uploads\/2017\/06\/leve-toi.jpg\",\"contentUrl\":\"https:\/\/editions-elroi.ch\/wp-content\/uploads\/2017\/06\/leve-toi.jpg\",\"width\":1747,\"height\":2480},{\"@type\":\"BreadcrumbList\",\"@id\":\"https:\/\/editions-elroi.ch\/en\/produit\/leve-toi\/#breadcrumb\",\"itemListElement\":[{\"@type\":\"ListItem\",\"position\":1,\"name\":\"Accueil\",\"item\":\"https:\/\/editions-elroi.ch\/en\/\"},{\"@type\":\"ListItem\",\"position\":2,\"name\":\"Boutique\",\"item\":\"https:\/\/editions-elroi.ch\/boutique\/\"},{\"@type\":\"ListItem\",\"position\":3,\"name\":\"L\u00e8ve-toi !\u00a0Prends tes responsabilit\u00e9s et agis\"}]},{\"@type\":\"WebSite\",\"@id\":\"https:\/\/editions-elroi.ch\/en\/#website\",\"url\":\"https:\/\/editions-elroi.ch\/en\/\",\"name\":\"\u00c9ditions Elro\u00ef\",\"description\":\"\",\"publisher\":{\"@id\":\"https:\/\/editions-elroi.ch\/en\/#organization\"},\"potentialAction\":[{\"@type\":\"SearchAction\",\"target\":{\"@type\":\"EntryPoint\",\"urlTemplate\":\"https:\/\/editions-elroi.ch\/en\/?s={search_term_string}\"},\"query-input\":{\"@type\":\"PropertyValueSpecification\",\"valueRequired\":true,\"valueName\":\"search_term_string\"}}],\"inLanguage\":\"en-US\"},{\"@type\":\"Organization\",\"@id\":\"https:\/\/editions-elroi.ch\/en\/#organization\",\"name\":\"\u00c9ditions Elro\u00ef\",\"url\":\"https:\/\/editions-elroi.ch\/en\/\",\"logo\":{\"@type\":\"ImageObject\",\"inLanguage\":\"en-US\",\"@id\":\"https:\/\/editions-elroi.ch\/en\/#\/schema\/logo\/image\/\",\"url\":\"https:\/\/editions-elroi.ch\/wp-content\/uploads\/2017\/06\/elroi-logo-web2-1.jpg\",\"contentUrl\":\"https:\/\/editions-elroi.ch\/wp-content\/uploads\/2017\/06\/elroi-logo-web2-1.jpg\",\"width\":167,\"height\":116,\"caption\":\"\u00c9ditions Elro\u00ef\"},\"image\":{\"@id\":\"https:\/\/editions-elroi.ch\/en\/#\/schema\/logo\/image\/\"}}]}<\/script>\n<!-- \/ Yoast SEO plugin. -->","yoast_head_json":{"title":"L\u00e8ve-toi !\u00a0Prends tes responsabilit\u00e9s et agis - \u00c9ditions Elro\u00ef","robots":{"index":"index","follow":"follow","max-snippet":"max-snippet:-1","max-image-preview":"max-image-preview:large","max-video-preview":"max-video-preview:-1"},"canonical":"https:\/\/editions-elroi.ch\/en\/produit\/leve-toi\/","og_locale":"en_US","og_type":"article","og_title":"L\u00e8ve-toi !\u00a0Prends tes responsabilit\u00e9s et agis - \u00c9ditions Elro\u00ef","og_description":"Chr\u00e9tien actif en politique !? R\u00e9flexions libres sur l\u2019\u00e9pineuse question qui taraude de nombreux croyants: Un chr\u00e9tien peut-il, ose-t-il ou doit-il s\u2019engager en politique ?","og_url":"https:\/\/editions-elroi.ch\/en\/produit\/leve-toi\/","og_site_name":"\u00c9ditions Elro\u00ef","article_modified_time":"2019-06-04T11:50:44+00:00","og_image":[{"width":1747,"height":2480,"url":"https:\/\/editions-elroi.ch\/wp-content\/uploads\/2017\/06\/leve-toi.jpg","type":"image\/jpeg"}],"twitter_card":"summary_large_image","schema":{"@context":"https:\/\/schema.org","@graph":[{"@type":"WebPage","@id":"https:\/\/editions-elroi.ch\/en\/produit\/leve-toi\/","url":"https:\/\/editions-elroi.ch\/en\/produit\/leve-toi\/","name":"L\u00e8ve-toi !\u00a0Prends tes responsabilit\u00e9s et agis - \u00c9ditions Elro\u00ef","isPartOf":{"@id":"https:\/\/editions-elroi.ch\/en\/#website"},"primaryImageOfPage":{"@id":"https:\/\/editions-elroi.ch\/en\/produit\/leve-toi\/#primaryimage"},"image":{"@id":"https:\/\/editions-elroi.ch\/en\/produit\/leve-toi\/#primaryimage"},"thumbnailUrl":"https:\/\/editions-elroi.ch\/wp-content\/uploads\/2017\/06\/leve-toi.jpg","datePublished":"2017-06-15T09:20:32+00:00","dateModified":"2019-06-04T11:50:44+00:00","breadcrumb":{"@id":"https:\/\/editions-elroi.ch\/en\/produit\/leve-toi\/#breadcrumb"},"inLanguage":"en-US","potentialAction":[{"@type":"ReadAction","target":["https:\/\/editions-elroi.ch\/en\/produit\/leve-toi\/"]}]},{"@type":"ImageObject","inLanguage":"en-US","@id":"https:\/\/editions-elroi.ch\/en\/produit\/leve-toi\/#primaryimage","url":"https:\/\/editions-elroi.ch\/wp-content\/uploads\/2017\/06\/leve-toi.jpg","contentUrl":"https:\/\/editions-elroi.ch\/wp-content\/uploads\/2017\/06\/leve-toi.jpg","width":1747,"height":2480},{"@type":"BreadcrumbList","@id":"https:\/\/editions-elroi.ch\/en\/produit\/leve-toi\/#breadcrumb","itemListElement":[{"@type":"ListItem","position":1,"name":"Accueil","item":"https:\/\/editions-elroi.ch\/en\/"},{"@type":"ListItem","position":2,"name":"Boutique","item":"https:\/\/editions-elroi.ch\/boutique\/"},{"@type":"ListItem","position":3,"name":"L\u00e8ve-toi !\u00a0Prends tes responsabilit\u00e9s et agis"}]},{"@type":"WebSite","@id":"https:\/\/editions-elroi.ch\/en\/#website","url":"https:\/\/editions-elroi.ch\/en\/","name":"\u00c9ditions Elro\u00ef","description":"","publisher":{"@id":"https:\/\/editions-elroi.ch\/en\/#organization"},"potentialAction":[{"@type":"SearchAction","target":{"@type":"EntryPoint","urlTemplate":"https:\/\/editions-elroi.ch\/en\/?s={search_term_string}"},"query-input":{"@type":"PropertyValueSpecification","valueRequired":true,"valueName":"search_term_string"}}],"inLanguage":"en-US"},{"@type":"Organization","@id":"https:\/\/editions-elroi.ch\/en\/#organization","name":"\u00c9ditions Elro\u00ef","url":"https:\/\/editions-elroi.ch\/en\/","logo":{"@type":"ImageObject","inLanguage":"en-US","@id":"https:\/\/editions-elroi.ch\/en\/#\/schema\/logo\/image\/","url":"https:\/\/editions-elroi.ch\/wp-content\/uploads\/2017\/06\/elroi-logo-web2-1.jpg","contentUrl":"https:\/\/editions-elroi.ch\/wp-content\/uploads\/2017\/06\/elroi-logo-web2-1.jpg","width":167,"height":116,"caption":"\u00c9ditions Elro\u00ef"},"image":{"@id":"https:\/\/editions-elroi.ch\/en\/#\/schema\/logo\/image\/"}}]}},"_links":{"self":[{"href":"https:\/\/editions-elroi.ch\/en\/wp-json\/wp\/v2\/product\/113","targetHints":{"allow":["GET"]}}],"collection":[{"href":"https:\/\/editions-elroi.ch\/en\/wp-json\/wp\/v2\/product"}],"about":[{"href":"https:\/\/editions-elroi.ch\/en\/wp-json\/wp\/v2\/types\/product"}],"replies":[{"embeddable":true,"href":"https:\/\/editions-elroi.ch\/en\/wp-json\/wp\/v2\/comments?post=113"}],"wp:featuredmedia":[{"embeddable":true,"href":"https:\/\/editions-elroi.ch\/en\/wp-json\/wp\/v2\/media\/114"}],"wp:attachment":[{"href":"https:\/\/editions-elroi.ch\/en\/wp-json\/wp\/v2\/media?parent=113"}],"wp:term":[{"taxonomy":"product_cat","embeddable":true,"href":"https:\/\/editions-elroi.ch\/en\/wp-json\/wp\/v2\/product_cat?post=113"},{"taxonomy":"product_tag","embeddable":true,"href":"https:\/\/editions-elroi.ch\/en\/wp-json\/wp\/v2\/product_tag?post=113"}],"curies":[{"name":"wp","href":"https:\/\/api.w.org\/{rel}","templated":true}]}}